{"id":17540,"date":"2025-02-04T15:15:43","date_gmt":"2025-02-04T14:15:43","guid":{"rendered":"https:\/\/www.corsetdaum.be\/?page_id=17540"},"modified":"2025-02-04T15:59:48","modified_gmt":"2025-02-04T14:59:48","slug":"offre-demploi-orthesiologue-agree-inami","status":"publish","type":"page","link":"https:\/\/www.corsetdaum.be\/nl\/offre-demploi-orthesiologue-agree-inami\/","title":{"rendered":"Offre d\u2019emploi : Orth\u00e9siologue agr\u00e9\u00e9 INAMI (H\/F)"},"content":{"rendered":"<div data-elementor-type=\"wp-page\" data-elementor-id=\"17540\" class=\"elementor elementor-17540\" data-elementor-post-type=\"page\">\n\t\t\t\t\t\t<section class=\"elementor-section elementor-top-section elementor-element elementor-element-c366266 elementor-section-full_width elementor-section-height-min-height elementor-section-height-default elementor-section-items-middle\" data-id=\"c366266\" data-element_type=\"section\" data-e-type=\"section\" data-settings=\"{&quot;background_background&quot;:&quot;classic&quot;}\">\n\t\t\t\t\t\t\t<div class=\"elementor-background-overlay\"><\/div>\n\t\t\t\t\t\t\t<div class=\"elementor-container elementor-column-gap-default\">\n\t\t\t\t\t<div class=\"elementor-column elementor-col-100 elementor-top-column elementor-element elementor-element-5b4b52f\" data-id=\"5b4b52f\" data-element_type=\"column\" data-e-type=\"column\">\n\t\t\t<div class=\"elementor-widget-wrap elementor-element-populated\">\n\t\t\t\t\t\t<div class=\"elementor-element elementor-element-64904d8 elementor-widget elementor-widget-heading\" data-id=\"64904d8\" data-element_type=\"widget\" data-e-type=\"widget\" data-widget_type=\"heading.default\">\n\t\t\t\t<div class=\"elementor-widget-container\">\n\t\t\t\t\t<h1 class=\"elementor-heading-title elementor-size-default\">Vacature: <br> <b>Orth\u00e9siologue agr\u00e9\u00e9 INAMI<\/b><\/h1>\t\t\t\t<\/div>\n\t\t\t\t<\/div>\n\t\t\t\t<div class=\"elementor-element elementor-element-5a9f3ce elementor-align-center elementor-widget elementor-widget-button\" data-id=\"5a9f3ce\" data-element_type=\"widget\" data-e-type=\"widget\" data-widget_type=\"button.default\">\n\t\t\t\t<div class=\"elementor-widget-container\">\n\t\t\t\t\t\t\t\t\t<div class=\"elementor-button-wrapper\">\n\t\t\t\t\t<a class=\"elementor-button elementor-button-link elementor-size-md elementor-animation-sink\" href=\"mailto:info@orthopedielucas.be?subject=%20Offre%20d\u2019emploi%20:%20Orth\u00e9siologue%20agr\u00e9\u00e9%20INAMI%20(H\/F)\">\n\t\t\t\t\t\t<span class=\"elementor-button-content-wrapper\">\n\t\t\t\t\t\t\t\t\t<span class=\"elementor-button-text\">Solliciteer nu<\/span>\n\t\t\t\t\t<\/span>\n\t\t\t\t\t<\/a>\n\t\t\t\t<\/div>\n\t\t\t\t\t\t\t\t<\/div>\n\t\t\t\t<\/div>\n\t\t\t\t\t<\/div>\n\t\t<\/div>\n\t\t\t\t\t<\/div>\n\t\t<\/section>\n\t\t\t\t<section class=\"elementor-section elementor-top-section elementor-element elementor-element-b734397 elementor-section-boxed elementor-section-height-default elementor-section-height-default\" data-id=\"b734397\" data-element_type=\"section\" data-e-type=\"section\">\n\t\t\t\t\t\t<div class=\"elementor-container elementor-column-gap-default\">\n\t\t\t\t\t<div class=\"elementor-column elementor-col-100 elementor-top-column elementor-element elementor-element-68ffd01\" data-id=\"68ffd01\" data-element_type=\"column\" data-e-type=\"column\">\n\t\t\t<div class=\"elementor-widget-wrap elementor-element-populated\">\n\t\t\t\t\t\t<div class=\"elementor-element elementor-element-fdbead3 elementor-widget elementor-widget-heading\" data-id=\"fdbead3\" data-element_type=\"widget\" data-e-type=\"widget\" data-widget_type=\"heading.default\">\n\t\t\t\t<div class=\"elementor-widget-container\">\n\t\t\t\t\t<h2 class=\"elementor-heading-title elementor-size-default\">Qui sommes-nous ?<\/h2>\t\t\t\t<\/div>\n\t\t\t\t<\/div>\n\t\t\t\t<div class=\"elementor-element elementor-element-7d2e27b elementor-widget elementor-widget-text-editor\" data-id=\"7d2e27b\" data-element_type=\"widget\" data-e-type=\"widget\" data-widget_type=\"text-editor.default\">\n\t\t\t\t<div class=\"elementor-widget-container\">\n\t\t\t\t\t\t\t\t\t<p class=\"p1\">Depuis plus de 30 ans, nous aidons les patients souffrant de maux de dos chroniques gr\u00e2ce \u00e0 notre invention unique : le Corset dynamique correctif DAUM\u00ae. Avec des milliers de patients aid\u00e9s \u00e0 ce jour, notre savoir-faire repose sur l\u2019excellence, la rigueur et un service irr\u00e9prochable.<\/p><p class=\"p1\">Nous cherchons \u00e0 agrandir notre \u00e9quipe de 25 collaborateurs en recrutant un <b>orth\u00e9siste agr\u00e9\u00e9 INAMI<\/b>, encadr\u00e9 directement par le concepteur du Corset Daum, un ma\u00eetre en orthop\u00e9die.<\/p>\t\t\t\t\t\t\t\t<\/div>\n\t\t\t\t<\/div>\n\t\t\t\t<div class=\"elementor-element elementor-element-8ba27ce elementor-widget elementor-widget-heading\" data-id=\"8ba27ce\" data-element_type=\"widget\" data-e-type=\"widget\" data-widget_type=\"heading.default\">\n\t\t\t\t<div class=\"elementor-widget-container\">\n\t\t\t\t\t<h2 class=\"elementor-heading-title elementor-size-default\">Uw takenpakket \n<\/h2>\t\t\t\t<\/div>\n\t\t\t\t<\/div>\n\t\t\t\t<div class=\"elementor-element elementor-element-814b1fc elementor-widget elementor-widget-text-editor\" data-id=\"814b1fc\" data-element_type=\"widget\" data-e-type=\"widget\" data-widget_type=\"text-editor.default\">\n\t\t\t\t<div class=\"elementor-widget-container\">\n\t\t\t\t\t\t\t\t\t<ul><li class=\"li1\">Accueillir les patients avec bienveillance.<\/li><li class=\"li1\">Prendre les mesures techniques n\u00e9cessaires pour fabriquer une orth\u00e8se sur mesure.<\/li><li class=\"li1\">Fournir un Corset parfaitement adapt\u00e9 aux besoins du patient.<\/li><li class=\"li1\">Compl\u00e9ter les dossiers patients.<\/li><li class=\"li1\">Intervenir sur nos sites (Bruxelles, Charleroi, Li\u00e8ge, Namur).<\/li><li class=\"li1\">Participer \u00e0 des congr\u00e8s professionnels.<\/li><\/ul>\t\t\t\t\t\t\t\t<\/div>\n\t\t\t\t<\/div>\n\t\t\t\t<div class=\"elementor-element elementor-element-884d0e1 elementor-widget elementor-widget-heading\" data-id=\"884d0e1\" data-element_type=\"widget\" data-e-type=\"widget\" data-widget_type=\"heading.default\">\n\t\t\t\t<div class=\"elementor-widget-container\">\n\t\t\t\t\t<h2 class=\"elementor-heading-title elementor-size-default\">Uw profiel\n<\/h2>\t\t\t\t<\/div>\n\t\t\t\t<\/div>\n\t\t\t\t<div class=\"elementor-element elementor-element-fab365f elementor-widget elementor-widget-text-editor\" data-id=\"fab365f\" data-element_type=\"widget\" data-e-type=\"widget\" data-widget_type=\"text-editor.default\">\n\t\t\t\t<div class=\"elementor-widget-container\">\n\t\t\t\t\t\t\t\t\t<ul><li>Dipl\u00f4m\u00e9 en orth\u00e9siologie<\/li><li class=\"li1\">Vous \u00eates passionn\u00e9 par les pathologies du dos.<\/li><li class=\"li1\">Vous aimez le travail manuel et \u00eates fier d\u2019aider les patients au quotidien.<\/li><li class=\"li1\">Vous faites preuve d\u2019empathie, \u00eates sociable et avez le sens de la communication.<\/li><li class=\"li1\">Vous \u00eates minutieux, rigoureux et polyvalent.<\/li><li class=\"li1\">Vous \u00eates \u00e0 l\u2019aise avec l\u2019informatique et avez une excellente pr\u00e9sentation.<\/li><li class=\"li1\">Vous parlez le fran\u00e7ais et\/ou le n\u00e9erlandais (la ma\u00eetrise d\u2019autres langues est un plus).<\/li><li class=\"li1\">Vous avez un permis de conduire B.<\/li><\/ul>\t\t\t\t\t\t\t\t<\/div>\n\t\t\t\t<\/div>\n\t\t\t\t<div class=\"elementor-element elementor-element-b8ad1d9 elementor-widget elementor-widget-heading\" data-id=\"b8ad1d9\" data-element_type=\"widget\" data-e-type=\"widget\" data-widget_type=\"heading.default\">\n\t\t\t\t<div class=\"elementor-widget-container\">\n\t\t\t\t\t<h2 class=\"elementor-heading-title elementor-size-default\">Wij bieden u\n<\/h2>\t\t\t\t<\/div>\n\t\t\t\t<\/div>\n\t\t\t\t<div class=\"elementor-element elementor-element-11d1ea3 elementor-widget elementor-widget-text-editor\" data-id=\"11d1ea3\" data-element_type=\"widget\" data-e-type=\"widget\" data-widget_type=\"text-editor.default\">\n\t\t\t\t<div class=\"elementor-widget-container\">\n\t\t\t\t\t\t\t\t\t<ul><li class=\"li1\">Une formation compl\u00e8te sur nos produits est assur\u00e9e.<\/li><li class=\"li1\">Un CDI dans une entreprise ambitieuse et reconnue.<\/li><li class=\"li1\">Un salaire comp\u00e9titif.<\/li><li class=\"li1\">Un environnement de travail sain, dynamique et professionnel.<\/li><li class=\"li1\">De vraies opportunit\u00e9s d\u2019\u00e9volution dans une entreprise en pleine croissance.<\/li><li class=\"li1\">Un coach pour vous accompagner dans vos d\u00e9buts.<\/li><li class=\"li1\">Vous contribuerez \u00e0 changer la vie des patients tout en d\u00e9veloppant vos comp\u00e9tences.<\/li><\/ul>\t\t\t\t\t\t\t\t<\/div>\n\t\t\t\t<\/div>\n\t\t\t\t<div class=\"elementor-element elementor-element-14a43a0 elementor-widget elementor-widget-heading\" data-id=\"14a43a0\" data-element_type=\"widget\" data-e-type=\"widget\" data-widget_type=\"heading.default\">\n\t\t\t\t<div class=\"elementor-widget-container\">\n\t\t\t\t\t<h2 class=\"elementor-heading-title elementor-size-default\">Onze waarden\n<\/h2>\t\t\t\t<\/div>\n\t\t\t\t<\/div>\n\t\t\t\t<div class=\"elementor-element elementor-element-c20376a elementor-widget elementor-widget-text-editor\" data-id=\"c20376a\" data-element_type=\"widget\" data-e-type=\"widget\" data-widget_type=\"text-editor.default\">\n\t\t\t\t<div class=\"elementor-widget-container\">\n\t\t\t\t\t\t\t\t\t<p><span style=\"font-weight: 400;\">Corset Daum en Orthopedie Lucas hebben respect voor het voorschrift van de arts, voor de pati\u00ebnt en voor hun medewerkers. Onze technische medewerkers zijn erkend en werken volgens de regels van de kunst. We hechten veel belang aan respect en elkaar helpen.<\/span><\/p>\n<p><span style=\"font-weight: 400;\">Ons bedrijf heeft de volgende waarden:<\/span><\/p>\n<ul>\n<li style=\"font-weight: 400;\" aria-level=\"1\"><span style=\"font-weight: 400;\">Integriteit<\/span><\/li>\n<li style=\"font-weight: 400;\" aria-level=\"1\"><span style=\"font-weight: 400;\">Pati\u00ebntgerichte aanpak<\/span><\/li>\n<li style=\"font-weight: 400;\" aria-level=\"1\"><span style=\"font-weight: 400;\">Creativiteit<\/span><\/li>\n<li style=\"font-weight: 400;\" aria-level=\"1\"><span style=\"font-weight: 400;\">Flexibiliteit<\/span><\/li>\n<li style=\"font-weight: 400;\" aria-level=\"1\"><span style=\"font-weight: 400;\">Betrokkenheid<\/span><\/li>\n<li style=\"font-weight: 400;\" aria-level=\"1\"><span style=\"font-weight: 400;\">Ervaring<\/span><\/li>\n<li style=\"font-weight: 400;\" aria-level=\"1\"><span style=\"font-weight: 400;\">Streven naar kwaliteit, nauwkeurigheid en consistentie<\/span><\/li>\n<\/ul>\t\t\t\t\t\t\t\t<\/div>\n\t\t\t\t<\/div>\n\t\t\t\t<div class=\"elementor-element elementor-element-260bc73 elementor-widget elementor-widget-heading\" data-id=\"260bc73\" data-element_type=\"widget\" data-e-type=\"widget\" data-widget_type=\"heading.default\">\n\t\t\t\t<div class=\"elementor-widget-container\">\n\t\t\t\t\t<h2 class=\"elementor-heading-title elementor-size-default\">Int\u00e9ress\u00e9(e) ?<\/h2>\t\t\t\t<\/div>\n\t\t\t\t<\/div>\n\t\t\t\t\t<\/div>\n\t\t<\/div>\n\t\t\t\t\t<\/div>\n\t\t<\/section>\n\t\t\t\t<section class=\"elementor-section elementor-top-section elementor-element elementor-element-77e2b24 elementor-section-boxed elementor-section-height-default elementor-section-height-default\" data-id=\"77e2b24\" data-element_type=\"section\" data-e-type=\"section\">\n\t\t\t\t\t\t<div class=\"elementor-container elementor-column-gap-default\">\n\t\t\t\t\t<div class=\"elementor-column elementor-col-100 elementor-top-column elementor-element elementor-element-3731c36\" data-id=\"3731c36\" data-element_type=\"column\" data-e-type=\"column\">\n\t\t\t<div class=\"elementor-widget-wrap elementor-element-populated\">\n\t\t\t\t\t\t<div class=\"elementor-element elementor-element-1e3f30b elementor-widget elementor-widget-text-editor\" data-id=\"1e3f30b\" data-element_type=\"widget\" data-e-type=\"widget\" data-widget_type=\"text-editor.default\">\n\t\t\t\t<div class=\"elementor-widget-container\">\n\t\t\t\t\t\t\t\t\t<p>Stuur meteen uw cv en motivatiebrief via e-mail naar info@orthopedielucas.be\u00a0<\/p>\t\t\t\t\t\t\t\t<\/div>\n\t\t\t\t<\/div>\n\t\t\t\t<div class=\"elementor-element elementor-element-3d99779 elementor-align-center elementor-widget elementor-widget-button\" data-id=\"3d99779\" data-element_type=\"widget\" data-e-type=\"widget\" data-widget_type=\"button.default\">\n\t\t\t\t<div class=\"elementor-widget-container\">\n\t\t\t\t\t\t\t\t\t<div class=\"elementor-button-wrapper\">\n\t\t\t\t\t<a class=\"elementor-button elementor-button-link elementor-size-md elementor-animation-sink\" href=\"mailto:info@orthopedielucas.be?subject=%20Offre%20d\u2019emploi%20:%20Orth\u00e9siologue%20agr\u00e9\u00e9%20INAMI%20(H\/F)\">\n\t\t\t\t\t\t<span class=\"elementor-button-content-wrapper\">\n\t\t\t\t\t\t\t\t\t<span class=\"elementor-button-text\">Solliciteer nu<\/span>\n\t\t\t\t\t<\/span>\n\t\t\t\t\t<\/a>\n\t\t\t\t<\/div>\n\t\t\t\t\t\t\t\t<\/div>\n\t\t\t\t<\/div>\n\t\t\t\t\t<\/div>\n\t\t<\/div>\n\t\t\t\t\t<\/div>\n\t\t<\/section>\n\t\t\t\t<section class=\"elementor-section elementor-top-section elementor-element elementor-element-af98918 elementor-section-height-min-height elementor-section-boxed elementor-section-height-default elementor-section-items-middle\" data-id=\"af98918\" data-element_type=\"section\" data-e-type=\"section\">\n\t\t\t\t\t\t<div class=\"elementor-container elementor-column-gap-default\">\n\t\t\t\t\t<div class=\"elementor-column elementor-col-100 elementor-top-column elementor-element elementor-element-56709c6\" data-id=\"56709c6\" data-element_type=\"column\" data-e-type=\"column\">\n\t\t\t<div class=\"elementor-widget-wrap\">\n\t\t\t\t\t\t\t<\/div>\n\t\t<\/div>\n\t\t\t\t\t<\/div>\n\t\t<\/section>\n\t\t\t\t<\/div>","protected":false},"excerpt":{"rendered":"<p>Offre d\u2019emploi : Orth\u00e9siologue agr\u00e9\u00e9 INAMI Postulez maintenant Qui sommes-nous ? Depuis plus de 30 ans, nous aidons les patients &#8230; <a title=\"Offre d\u2019emploi : Orth\u00e9siologue agr\u00e9\u00e9 INAMI (H\/F)\" class=\"read-more\" href=\"https:\/\/www.corsetdaum.be\/nl\/offre-demploi-orthesiologue-agree-inami\/\">Lire plus<\/a><\/p>","protected":false},"author":12,"featured_media":0,"parent":0,"menu_order":0,"comment_status":"closed","ping_status":"closed","template":"elementor_header_footer","meta":{"footnotes":""},"class_list":["post-17540","page","type-page","status-publish"],"yoast_head":"<!-- This site is optimized with the Yoast SEO plugin v27.4 - https:\/\/yoast.com\/product\/yoast-seo-wordpress\/ -->\n<title>Offre d\u2019emploi : Orth\u00e9siologue agr\u00e9\u00e9 INAMI (H\/F) - Corset DAUM<\/title>\n<meta name=\"robots\" content=\"index, follow, max-snippet:-1, max-image-preview:large, max-video-preview:-1\" \/>\n<link rel=\"canonical\" href=\"https:\/\/www.corsetdaum.be\/nl\/offre-demploi-orthesiologue-agree-inami\/\" \/>\n<meta property=\"og:locale\" content=\"nl_BE\" \/>\n<meta property=\"og:type\" content=\"article\" \/>\n<meta property=\"og:title\" content=\"Offre d\u2019emploi : Orth\u00e9siologue agr\u00e9\u00e9 INAMI (H\/F) - Corset DAUM\" \/>\n<meta property=\"og:description\" content=\"Offre d\u2019emploi : Orth\u00e9siologue agr\u00e9\u00e9 INAMI Postulez maintenant Qui sommes-nous ? Depuis plus de 30 ans, nous aidons les patients ... Lire plus\" \/>\n<meta property=\"og:url\" content=\"https:\/\/www.corsetdaum.be\/nl\/offre-demploi-orthesiologue-agree-inami\/\" \/>\n<meta property=\"og:site_name\" content=\"Corset DAUM\" \/>\n<meta property=\"article:modified_time\" content=\"2025-02-04T14:59:48+00:00\" \/>\n<meta name=\"twitter:card\" content=\"summary_large_image\" \/>\n<meta name=\"twitter:label1\" content=\"Geschatte leestijd\" \/>\n\t<meta name=\"twitter:data1\" content=\"2 minuten\" \/>\n<script type=\"application\/ld+json\" class=\"yoast-schema-graph\">{\"@context\":\"https:\\\/\\\/schema.org\",\"@graph\":[{\"@type\":\"WebPage\",\"@id\":\"https:\\\/\\\/www.corsetdaum.be\\\/offre-demploi-orthesiologue-agree-inami\\\/\",\"url\":\"https:\\\/\\\/www.corsetdaum.be\\\/offre-demploi-orthesiologue-agree-inami\\\/\",\"name\":\"Offre d\u2019emploi : Orth\u00e9siologue agr\u00e9\u00e9 INAMI (H\\\/F) - Corset DAUM\",\"isPartOf\":{\"@id\":\"https:\\\/\\\/www.corsetdaum.be\\\/#website\"},\"datePublished\":\"2025-02-04T14:15:43+00:00\",\"dateModified\":\"2025-02-04T14:59:48+00:00\",\"breadcrumb\":{\"@id\":\"https:\\\/\\\/www.corsetdaum.be\\\/offre-demploi-orthesiologue-agree-inami\\\/#breadcrumb\"},\"inLanguage\":\"nl-BE\",\"potentialAction\":[{\"@type\":\"ReadAction\",\"target\":[\"https:\\\/\\\/www.corsetdaum.be\\\/offre-demploi-orthesiologue-agree-inami\\\/\"]}]},{\"@type\":\"BreadcrumbList\",\"@id\":\"https:\\\/\\\/www.corsetdaum.be\\\/offre-demploi-orthesiologue-agree-inami\\\/#breadcrumb\",\"itemListElement\":[{\"@type\":\"ListItem\",\"position\":1,\"name\":\"Accueil\",\"item\":\"https:\\\/\\\/www.corsetdaum.be\\\/\"},{\"@type\":\"ListItem\",\"position\":2,\"name\":\"Offre d\u2019emploi : Orth\u00e9siologue agr\u00e9\u00e9 INAMI (H\\\/F)\"}]},{\"@type\":\"WebSite\",\"@id\":\"https:\\\/\\\/www.corsetdaum.be\\\/#website\",\"url\":\"https:\\\/\\\/www.corsetdaum.be\\\/\",\"name\":\"Corset DAUM\",\"description\":\"Retrouver la libert\u00e9 de bouger !\",\"publisher\":{\"@id\":\"https:\\\/\\\/www.corsetdaum.be\\\/#organization\"},\"potentialAction\":[{\"@type\":\"SearchAction\",\"target\":{\"@type\":\"EntryPoint\",\"urlTemplate\":\"https:\\\/\\\/www.corsetdaum.be\\\/?s={search_term_string}\"},\"query-input\":{\"@type\":\"PropertyValueSpecification\",\"valueRequired\":true,\"valueName\":\"search_term_string\"}}],\"inLanguage\":\"nl-BE\"},{\"@type\":\"Organization\",\"@id\":\"https:\\\/\\\/www.corsetdaum.be\\\/#organization\",\"name\":\"Corset DAUM\",\"url\":\"https:\\\/\\\/www.corsetdaum.be\\\/\",\"logo\":{\"@type\":\"ImageObject\",\"inLanguage\":\"nl-BE\",\"@id\":\"https:\\\/\\\/www.corsetdaum.be\\\/#\\\/schema\\\/logo\\\/image\\\/\",\"url\":\"https:\\\/\\\/www.corsetdaum.be\\\/wp-content\\\/uploads\\\/2020\\\/04\\\/cropped-LOGO-CORSET-DAUM-COULEUR-3.png\",\"contentUrl\":\"https:\\\/\\\/www.corsetdaum.be\\\/wp-content\\\/uploads\\\/2020\\\/04\\\/cropped-LOGO-CORSET-DAUM-COULEUR-3.png\",\"width\":350,\"height\":130,\"caption\":\"Corset DAUM\"},\"image\":{\"@id\":\"https:\\\/\\\/www.corsetdaum.be\\\/#\\\/schema\\\/logo\\\/image\\\/\"}}]}<\/script>\n<!-- \/ Yoast SEO plugin. -->","yoast_head_json":{"title":"Offre d\u2019emploi : Orth\u00e9siologue agr\u00e9\u00e9 INAMI (H\/F) - Corset DAUM","robots":{"index":"index","follow":"follow","max-snippet":"max-snippet:-1","max-image-preview":"max-image-preview:large","max-video-preview":"max-video-preview:-1"},"canonical":"https:\/\/www.corsetdaum.be\/nl\/offre-demploi-orthesiologue-agree-inami\/","og_locale":"nl_BE","og_type":"article","og_title":"Offre d\u2019emploi : Orth\u00e9siologue agr\u00e9\u00e9 INAMI (H\/F) - Corset DAUM","og_description":"Offre d\u2019emploi : Orth\u00e9siologue agr\u00e9\u00e9 INAMI Postulez maintenant Qui sommes-nous ? Depuis plus de 30 ans, nous aidons les patients ... Lire plus","og_url":"https:\/\/www.corsetdaum.be\/nl\/offre-demploi-orthesiologue-agree-inami\/","og_site_name":"Corset DAUM","article_modified_time":"2025-02-04T14:59:48+00:00","twitter_card":"summary_large_image","twitter_misc":{"Geschatte leestijd":"2 minuten"},"schema":{"@context":"https:\/\/schema.org","@graph":[{"@type":"WebPage","@id":"https:\/\/www.corsetdaum.be\/offre-demploi-orthesiologue-agree-inami\/","url":"https:\/\/www.corsetdaum.be\/offre-demploi-orthesiologue-agree-inami\/","name":"Offre d\u2019emploi : Orth\u00e9siologue agr\u00e9\u00e9 INAMI (H\/F) - Corset DAUM","isPartOf":{"@id":"https:\/\/www.corsetdaum.be\/#website"},"datePublished":"2025-02-04T14:15:43+00:00","dateModified":"2025-02-04T14:59:48+00:00","breadcrumb":{"@id":"https:\/\/www.corsetdaum.be\/offre-demploi-orthesiologue-agree-inami\/#breadcrumb"},"inLanguage":"nl-BE","potentialAction":[{"@type":"ReadAction","target":["https:\/\/www.corsetdaum.be\/offre-demploi-orthesiologue-agree-inami\/"]}]},{"@type":"BreadcrumbList","@id":"https:\/\/www.corsetdaum.be\/offre-demploi-orthesiologue-agree-inami\/#breadcrumb","itemListElement":[{"@type":"ListItem","position":1,"name":"Accueil","item":"https:\/\/www.corsetdaum.be\/"},{"@type":"ListItem","position":2,"name":"Offre d\u2019emploi : Orth\u00e9siologue agr\u00e9\u00e9 INAMI (H\/F)"}]},{"@type":"WebSite","@id":"https:\/\/www.corsetdaum.be\/#website","url":"https:\/\/www.corsetdaum.be\/","name":"Corset DAUM","description":"Retrouver la libert\u00e9 de bouger !","publisher":{"@id":"https:\/\/www.corsetdaum.be\/#organization"},"potentialAction":[{"@type":"SearchAction","target":{"@type":"EntryPoint","urlTemplate":"https:\/\/www.corsetdaum.be\/?s={search_term_string}"},"query-input":{"@type":"PropertyValueSpecification","valueRequired":true,"valueName":"search_term_string"}}],"inLanguage":"nl-BE"},{"@type":"Organization","@id":"https:\/\/www.corsetdaum.be\/#organization","name":"Corset DAUM","url":"https:\/\/www.corsetdaum.be\/","logo":{"@type":"ImageObject","inLanguage":"nl-BE","@id":"https:\/\/www.corsetdaum.be\/#\/schema\/logo\/image\/","url":"https:\/\/www.corsetdaum.be\/wp-content\/uploads\/2020\/04\/cropped-LOGO-CORSET-DAUM-COULEUR-3.png","contentUrl":"https:\/\/www.corsetdaum.be\/wp-content\/uploads\/2020\/04\/cropped-LOGO-CORSET-DAUM-COULEUR-3.png","width":350,"height":130,"caption":"Corset DAUM"},"image":{"@id":"https:\/\/www.corsetdaum.be\/#\/schema\/logo\/image\/"}}]}},"_links":{"self":[{"href":"https:\/\/www.corsetdaum.be\/nl\/wp-json\/wp\/v2\/pages\/17540","targetHints":{"allow":["GET"]}}],"collection":[{"href":"https:\/\/www.corsetdaum.be\/nl\/wp-json\/wp\/v2\/pages"}],"about":[{"href":"https:\/\/www.corsetdaum.be\/nl\/wp-json\/wp\/v2\/types\/page"}],"author":[{"embeddable":true,"href":"https:\/\/www.corsetdaum.be\/nl\/wp-json\/wp\/v2\/users\/12"}],"replies":[{"embeddable":true,"href":"https:\/\/www.corsetdaum.be\/nl\/wp-json\/wp\/v2\/comments?post=17540"}],"version-history":[{"count":14,"href":"https:\/\/www.corsetdaum.be\/nl\/wp-json\/wp\/v2\/pages\/17540\/revisions"}],"predecessor-version":[{"id":17594,"href":"https:\/\/www.corsetdaum.be\/nl\/wp-json\/wp\/v2\/pages\/17540\/revisions\/17594"}],"wp:attachment":[{"href":"https:\/\/www.corsetdaum.be\/nl\/wp-json\/wp\/v2\/media?parent=17540"}],"curies":[{"name":"wp","href":"https:\/\/api.w.org\/{rel}","templated":true}]}}